{"id":30876,"date":"2026-01-01T03:23:14","date_gmt":"2026-01-01T06:23:14","guid":{"rendered":"https:\/\/noticiasnoface.com.br\/?page_id=30876"},"modified":"2026-01-01T03:23:45","modified_gmt":"2026-01-01T06:23:45","slug":"acordo-de-paz-esta-90-pronto-restam-10-diz-zelensky-aos-ucranianos","status":"publish","type":"page","link":"https:\/\/noticiasnoface.com.br\/index.php\/acordo-de-paz-esta-90-pronto-restam-10-diz-zelensky-aos-ucranianos\/","title":{"rendered":"&#8216;Acordo de paz est\u00e1 90% pronto, restam 10%&#8217;, diz Zelensky aos ucranianos"},"content":{"rendered":"\n<figure class=\"wp-block-image size-large\"><img data-opt-id=1245572101  fetchpriority=\"high\" decoding=\"async\" width=\"768\" height=\"689\" src=\"https:\/\/mlbfrsat7ahr.i.optimole.com\/w:auto\/h:auto\/q:mauto\/ig:avif\/https:\/\/noticiasnoface.com.br\/wp-content\/uploads\/2026\/01\/img_2722.jpg\" class=\"wp-image-30875\" srcset=\"https:\/\/mlbfrsat7ahr.i.optimole.com\/w:768\/h:689\/q:mauto\/ig:avif\/https:\/\/noticiasnoface.com.br\/wp-content\/uploads\/2026\/01\/img_2722.jpg 768w, https:\/\/mlbfrsat7ahr.i.optimole.com\/w:300\/h:269\/q:mauto\/ig:avif\/https:\/\/noticiasnoface.com.br\/wp-content\/uploads\/2026\/01\/img_2722.jpg 300w\" sizes=\"(max-width: 768px) 100vw, 768px\" \/><\/figure>\n\n\n\n<h2 class=\"wp-block-heading content-head__subtitle\">Em seu discurso de v\u00e9spera de Ano Novo, o presidente ucraniano disse que o pa\u00eds quer p\u00f4r fim \u00e0 guerra, mas n\u00e3o &#8220;a qualquer pre\u00e7o&#8221;.<\/h2>\n\n\n\n<p class=\" content-text__container \">O presidente ucraniano Volodimir Zelensky declarou nesta quarta-feira (31) que &#8220;restam 10%&#8221; para que seu pa\u00eds alcance um &#8220;acordo de paz&#8221; com a R\u00fassia, mas que ainda falta decidir as quest\u00f5es mais importantes, e advertiu contra um acordo que recompense Moscou.&nbsp;<\/p>\n\n\n\n<p class=\" content-text__container \">Em seu discurso de v\u00e9spera de Ano Novo, Zelensky disse que a Ucr\u00e2nia quer p\u00f4r fim \u00e0 guerra, mas n\u00e3o &#8220;a qualquer pre\u00e7o&#8221;, e que qualquer acordo deve incluir s\u00f3lidas garantias de seguran\u00e7a para dissuadir a R\u00fassia de voltar a invadir seu territ\u00f3rio.<\/p>\n","protected":false},"excerpt":{"rendered":"<p>Em seu discurso de v\u00e9spera de Ano Novo, o presidente ucraniano disse que o pa\u00eds quer p\u00f4r fim \u00e0 guerra, [&hellip;]<\/p>\n","protected":false},"author":1,"featured_media":0,"parent":0,"menu_order":0,"comment_status":"closed","ping_status":"closed","template":"","meta":{"site-sidebar-layout":"default","site-content-layout":"","ast-site-content-layout":"default","site-content-style":"default","site-sidebar-style":"default","ast-global-header-display":"","ast-banner-title-visibility":"","ast-main-header-display":"","ast-hfb-above-header-display":"","ast-hfb-below-header-display":"","ast-hfb-mobile-header-display":"","site-post-title":"","ast-breadcrumbs-content":"","ast-featured-img":"","footer-sml-layout":"","ast-disable-related-posts":"","theme-transparent-header-meta":"","adv-header-id-meta":"","stick-header-meta":"","header-above-stick-meta":"","header-main-stick-meta":"","header-below-stick-meta":"","astra-migrate-meta-layouts":"default","ast-page-background-enabled":"default","ast-page-background-meta":{"desktop":{"background-color":"var(--ast-global-color-4)","background-image":"","background-repeat":"repeat","background-position":"center center","background-size":"auto","background-attachment":"scroll","background-type":"","background-media":"","overlay-type":"","overlay-color":"","overlay-opacity":"","overlay-gradient":""},"tablet":{"background-color":"","background-image":"","background-repeat":"repeat","background-position":"center center","background-size":"auto","background-attachment":"scroll","background-type":"","background-media":"","overlay-type":"","overlay-color":"","overlay-opacity":"","overlay-gradient":""},"mobile":{"background-color":"","background-image":"","background-repeat":"repeat","background-position":"center center","background-size":"auto","background-attachment":"scroll","background-type":"","background-media":"","overlay-type":"","overlay-color":"","overlay-opacity":"","overlay-gradient":""}},"ast-content-background-meta":{"desktop":{"background-color":"var(--ast-global-color-5)","background-image":"","background-repeat":"repeat","background-position":"center center","background-size":"auto","background-attachment":"scroll","background-type":"","background-media":"","overlay-type":"","overlay-color":"","overlay-opacity":"","overlay-gradient":""},"tablet":{"background-color":"var(--ast-global-color-5)","background-image":"","background-repeat":"repeat","background-position":"center center","background-size":"auto","background-attachment":"scroll","background-type":"","background-media":"","overlay-type":"","overlay-color":"","overlay-opacity":"","overlay-gradient":""},"mobile":{"background-color":"var(--ast-global-color-5)","background-image":"","background-repeat":"repeat","background-position":"center center","background-size":"auto","background-attachment":"scroll","background-type":"","background-media":"","overlay-type":"","overlay-color":"","overlay-opacity":"","overlay-gradient":""}},"footnotes":""},"class_list":["post-30876","page","type-page","status-publish","hentry"],"_links":{"self":[{"href":"https:\/\/noticiasnoface.com.br\/index.php\/wp-json\/wp\/v2\/pages\/30876","targetHints":{"allow":["GET"]}}],"collection":[{"href":"https:\/\/noticiasnoface.com.br\/index.php\/wp-json\/wp\/v2\/pages"}],"about":[{"href":"https:\/\/noticiasnoface.com.br\/index.php\/wp-json\/wp\/v2\/types\/page"}],"author":[{"embeddable":true,"href":"https:\/\/noticiasnoface.com.br\/index.php\/wp-json\/wp\/v2\/users\/1"}],"replies":[{"embeddable":true,"href":"https:\/\/noticiasnoface.com.br\/index.php\/wp-json\/wp\/v2\/comments?post=30876"}],"version-history":[{"count":1,"href":"https:\/\/noticiasnoface.com.br\/index.php\/wp-json\/wp\/v2\/pages\/30876\/revisions"}],"predecessor-version":[{"id":30877,"href":"https:\/\/noticiasnoface.com.br\/index.php\/wp-json\/wp\/v2\/pages\/30876\/revisions\/30877"}],"wp:attachment":[{"href":"https:\/\/noticiasnoface.com.br\/index.php\/wp-json\/wp\/v2\/media?parent=30876"}],"curies":[{"name":"wp","href":"https:\/\/api.w.org\/{rel}","templated":true}]}}